{"id":262,"date":"2023-11-07T04:07:14","date_gmt":"2023-11-07T03:07:14","guid":{"rendered":"https:\/\/jardinpaisible.fr\/?page_id=262"},"modified":"2024-01-19T00:46:39","modified_gmt":"2024-01-18T23:46:39","slug":"jardinage-respectueux-de-lenvironnement","status":"publish","type":"page","link":"https:\/\/jardinpaisible.fr\/index.php\/jardinage-respectueux-de-lenvironnement\/","title":{"rendered":"Le Jardinage"},"content":{"rendered":"\n<script src=\"https:\/\/cdn.jsdelivr.net\/npm\/typed.js@2.0.12\"><\/script>\n\n<div id=\"typed-strings\">\n<p>Nous jardinons&#8230;<\/p>\n<p>Avec des outils&#8230;<\/p>\n<p><strong>Non motoris\u00e9s<\/strong> !<\/p>\n<p><strong>Discrets<\/strong> !<\/p>\n<p><strong>Ecoresponsables<\/strong> !<\/p>\n<\/div>\n<h2><span id=\"typed\"<\/span><\/h2>\n\n\n\n<script>\nvar typed = new Typed('#typed', {\n    stringsElement: '#typed-strings',\n    fontColor:'#92c938',\n    backgroundColor: '#ffffff',\n    typeSpeed: 140,\n    backSpeed: 35,\n    fadeOut: true,\n    loop:true,\n });\n<\/script>\n\n\n\n<p class=\"has-white-color has-text-color has-background\" style=\"background-color:#92c938e6\">Bienvenue sur le site de Jardin Paisible. Chez nous, notre jardinier effectue pour vous toutes les t\u00e2ches de jardinage en\u00a0utilisant, \u00e0 la demande, des outils sans moteur. Nous croyons en la pr\u00e9servation de la faune et de la flore et nous nous engageons \u00e0 r\u00e9duire les nuisances sonores pour pr\u00e9server la tranquillit\u00e9 de votre jardin.<\/p>\n\n\n\n<p class=\"has-white-color has-text-color has-background\" style=\"background-color:#547520db\">Notre approche respectueuse de l&rsquo;environnement se traduit par l&rsquo;utilisation de techniques de jardinage durables. Nous privil\u00e9gions les m\u00e9thodes biologiques et \u00e9cologiques pour entretenir votre jardin. Cela signifie que nous n&rsquo;utilisons pas de pesticides ou d&rsquo;engrais chimiques, mais plut\u00f4t des alternatives naturelles qui pr\u00e9servent l&rsquo;\u00e9quilibre de l&rsquo;\u00e9cosyst\u00e8me.<\/p>\n\n\n\n<p class=\"has-white-color has-text-color has-background\" style=\"background-color:#92c938e6\">Nous comprenons l&rsquo;importance de pr\u00e9server la biodiversit\u00e9 et nous nous effor\u00e7ons d&rsquo;encourager la pr\u00e9sence d&rsquo;insectes pollinisateurs, d&rsquo;oiseaux et d&rsquo;autres animaux b\u00e9n\u00e9fiques dans votre jardin. En utilisant des plantes indig\u00e8nes et en cr\u00e9ant des habitats favorables, nous contribuons \u00e0 maintenir l&rsquo;\u00e9quilibre \u00e9cologique.<\/p>\n\n\n\n<p class=\"has-white-color has-text-color has-background\" style=\"background-color:#547520db\">En choisissant notre service de jardinage respectueux de l&rsquo;environnement, vous pouvez profiter d&rsquo;un jardin magnifique tout en ayant la satisfaction de savoir que vous contribuez \u00e0 la pr\u00e9servation de la nature. <a href=\"https:\/\/jardinpaisible.fr\/index.php\/2023\/11\/10\/contactez-nous\/\" title=\"\">Contactez-nous<\/a> d\u00e8s aujourd&rsquo;hui pour en savoir plus sur nos services et pour prendre rendez-vous avec notre jardinier.<\/p>\n","protected":false},"excerpt":{"rendered":"<p>Nous jardinons&#8230; Avec des outils&#8230; Non motoris\u00e9s ! Discrets ! Ecoresponsables !<\/p>\n","protected":false},"author":1,"featured_media":261,"parent":0,"menu_order":0,"comment_status":"closed","ping_status":"closed","template":"","meta":{"om_disable_all_campaigns":false,"_monsterinsights_skip_tracking":false,"_monsterinsights_sitenote_active":false,"_monsterinsights_sitenote_note":"","_monsterinsights_sitenote_category":0,"footnotes":""},"aioseo_notices":[],"_links":{"self":[{"href":"https:\/\/jardinpaisible.fr\/index.php\/wp-json\/wp\/v2\/pages\/262"}],"collection":[{"href":"https:\/\/jardinpaisible.fr\/index.php\/wp-json\/wp\/v2\/pages"}],"about":[{"href":"https:\/\/jardinpaisible.fr\/index.php\/wp-json\/wp\/v2\/types\/page"}],"author":[{"embeddable":true,"href":"https:\/\/jardinpaisible.fr\/index.php\/wp-json\/wp\/v2\/users\/1"}],"replies":[{"embeddable":true,"href":"https:\/\/jardinpaisible.fr\/index.php\/wp-json\/wp\/v2\/comments?post=262"}],"version-history":[{"count":20,"href":"https:\/\/jardinpaisible.fr\/index.php\/wp-json\/wp\/v2\/pages\/262\/revisions"}],"predecessor-version":[{"id":1151,"href":"https:\/\/jardinpaisible.fr\/index.php\/wp-json\/wp\/v2\/pages\/262\/revisions\/1151"}],"wp:featuredmedia":[{"embeddable":true,"href":"https:\/\/jardinpaisible.fr\/index.php\/wp-json\/wp\/v2\/media\/261"}],"wp:attachment":[{"href":"https:\/\/jardinpaisible.fr\/index.php\/wp-json\/wp\/v2\/media?parent=262"}],"curies":[{"name":"wp","href":"https:\/\/api.w.org\/{rel}","templated":true}]}}