{"id":283,"date":"2023-11-07T04:59:45","date_gmt":"2023-11-07T03:59:45","guid":{"rendered":"https:\/\/jardinpaisible.fr\/?page_id=283"},"modified":"2023-11-30T11:49:16","modified_gmt":"2023-11-30T10:49:16","slug":"nous-effectuons-le-bricolage-pour-vous","status":"publish","type":"page","link":"https:\/\/jardinpaisible.fr\/index.php\/nous-effectuons-le-bricolage-pour-vous\/","title":{"rendered":"Le Bricolage"},"content":{"rendered":"\n<p class=\"has-white-color has-text-color has-background\" style=\"background-color:#92c938e6\">Vous avez besoin d\u2019aide pour vos travaux de bricolage ? Ne vous inqui\u00e9tez pas, nous sommes l\u00e0 pour vous ! Que ce soit pour repeindre vos volets, r\u00e9parer des fuites d\u2019eau ou effectuer diverses t\u00e2ches manuelles, nous sommes \u00e9galement comp\u00e9tents dans le domaine.<\/p>\n\n\n\n<p class=\"has-white-color has-text-color has-background\" style=\"background-color:#547520db\">Notre bricoleur exp\u00e9riment\u00e9 est pr\u00eat \u00e0 intervenir chez vous et \u00e0 prendre en charge tous vos projets de bricolage. Nous mettons notre savoir-faire \u00e0 votre disposition pour que vous puissiez profiter d\u2019un int\u00e9rieur et d\u2019un ext\u00e9rieur impeccables.<\/p>\n\n\n\n<p class=\"has-white-color has-text-color has-background\" style=\"background-color:#92c938e6\">En plus des travaux classiques, nous sommes \u00e9galement exp\u00e9riment\u00e9s dans l\u2019installation et le d\u00e9pannage de pompes \u00e0 eau avec surpresseur. Si vous avez des probl\u00e8mes avec votre pompe \u00e0 eau, nous sommes l\u00e0 pour vous aider \u00e0 les r\u00e9soudre rapidement et efficacement.<\/p>\n\n\n\n<p class=\"has-white-color has-text-color has-background\" style=\"background-color:#547520db\">N\u2019attendez plus et confiez-nous vos travaux de bricolage. <a href=\"https:\/\/jardinpaisible.fr\/index.php\/2023\/11\/10\/contactez-nous\/\" title=\"\">Contactez-nous<\/a> d\u00e8s maintenant pour obtenir un devis gratuit et personnalis\u00e9.<\/p>\n\n\n\n<p><\/p>\n","protected":false},"excerpt":{"rendered":"<p>Vous avez besoin d\u2019aide pour vos travaux de bricolage ? Ne vous inqui\u00e9tez pas, nous sommes l\u00e0 pour vous ! Que [&hellip;]<\/p>\n","protected":false},"author":1,"featured_media":0,"parent":0,"menu_order":0,"comment_status":"closed","ping_status":"closed","template":"","meta":{"om_disable_all_campaigns":false,"_monsterinsights_skip_tracking":false,"_monsterinsights_sitenote_active":false,"_monsterinsights_sitenote_note":"","_monsterinsights_sitenote_category":0,"footnotes":""},"aioseo_notices":[],"_links":{"self":[{"href":"https:\/\/jardinpaisible.fr\/index.php\/wp-json\/wp\/v2\/pages\/283"}],"collection":[{"href":"https:\/\/jardinpaisible.fr\/index.php\/wp-json\/wp\/v2\/pages"}],"about":[{"href":"https:\/\/jardinpaisible.fr\/index.php\/wp-json\/wp\/v2\/types\/page"}],"author":[{"embeddable":true,"href":"https:\/\/jardinpaisible.fr\/index.php\/wp-json\/wp\/v2\/users\/1"}],"replies":[{"embeddable":true,"href":"https:\/\/jardinpaisible.fr\/index.php\/wp-json\/wp\/v2\/comments?post=283"}],"version-history":[{"count":8,"href":"https:\/\/jardinpaisible.fr\/index.php\/wp-json\/wp\/v2\/pages\/283\/revisions"}],"predecessor-version":[{"id":955,"href":"https:\/\/jardinpaisible.fr\/index.php\/wp-json\/wp\/v2\/pages\/283\/revisions\/955"}],"wp:attachment":[{"href":"https:\/\/jardinpaisible.fr\/index.php\/wp-json\/wp\/v2\/media?parent=283"}],"curies":[{"name":"wp","href":"https:\/\/api.w.org\/{rel}","templated":true}]}}