{"id":362,"date":"2023-11-07T10:47:31","date_gmt":"2023-11-07T09:47:31","guid":{"rendered":"https:\/\/jardinpaisible.fr\/?page_id=362"},"modified":"2024-02-06T07:06:23","modified_gmt":"2024-02-06T06:06:23","slug":"a-propos-de-jardin-paisible","status":"publish","type":"page","link":"https:\/\/jardinpaisible.fr\/index.php\/a-propos-de-jardin-paisible\/","title":{"rendered":"A propos de Jardin Paisible"},"content":{"rendered":"\n<script src=\"https:\/\/cdn.jsdelivr.net\/npm\/typed.js@2.0.12\"><\/script>\n\n<div id=\"typed-strings\">\n<p>Nous jardinons&#8230;<\/p>\n<p>Avec des outils&#8230;<\/p>\n<p><strong>Sans moteur<\/strong> !<\/p>\n<p><strong>Discrets<\/strong> !<\/p>\n<p><strong>Ecoresponsables<\/strong> !<\/p>\n<\/div>\n<h2><span id=\"typed\"<\/span><\/h2>\n\n\n\n<script>\nvar typed = new Typed('#typed', {\n    stringsElement: '#typed-strings',\n    fontColor:'#92c938',\n    backgroundColor: '#ffffff',\n    typeSpeed: 140,\n    backSpeed: 35,\n    fadeOut: true,\n    loop:true,\n });\n<\/script>\n\n\n\n<h2 class=\"wp-block-heading has-text-color\" style=\"color:#92c938\">Notre histoire<\/h2>\n\n\n\n<p class=\"has-white-color has-text-color has-background\" style=\"background-color:#92c938e6\">Bien avant sa cr\u00e9ation, \u00e0 l\u2019origine de notre entreprise, une id\u00e9e simple : <mark style=\"background-color:rgba(0, 0, 0, 0);color:#485b2a\" class=\"has-inline-color\">r\u00e9aliser les travaux de jardinage en utilisant uniquement des outils sans moteur <\/mark>pour ceux qui le souhaitent, comme le faisait \u00e0 titre priv\u00e9 notre fondateur pour son jardin et ceux de sa famille, afin de leur permettre de profiter de leurs chez-eux en toute qui\u00e9tude en ayant une d\u00e9marche \u00e9coresponsable. Nous avions propag\u00e9 cette id\u00e9e (et son nom) avant m\u00eame la cr\u00e9ation de notre entreprise Jardin Paisible, bas\u00e9e \u00e0 Neuilly-sur-Seine, et sommes ravis d\u2019en avoir inspir\u00e9 d\u2019autres afin de nous am\u00e9liorer, tous ensemble, toujours plus, dans la d\u00e9marche de r\u00e9duction de notre empreinte carbone.<\/p>\n\n\n\n<h2 class=\"wp-block-heading has-text-color\" style=\"color:#92c938\"><br>Nos services<\/h2>\n\n\n\n<div class=\"wp-block-columns are-vertically-aligned-top is-layout-flex wp-container-core-columns-layout-1 wp-block-columns-is-layout-flex\">\n<div class=\"wp-block-column is-layout-flow wp-block-column-is-layout-flow\"><\/div>\n\n\n\n<div class=\"wp-block-column is-layout-flow wp-block-column-is-layout-flow\"><\/div>\n<\/div>\n\n\n\n<p class=\"has-white-color has-text-color has-background\" style=\"background-color:#547520db\">Dans le but de vous accompagner dans cette m\u00eame volont\u00e9 de respect de la faune et la flore, nous serons ravis d\u2019effectuer pour vous l\u2019entretien du jardin, la tonte de la pelouse, la taille de haies, d\u2019arbustes, etc. avec nos outils sans moteurs si vous le d\u00e9sirez.<\/p>\n\n\n\n<p class=\"has-white-color has-text-color has-background\" style=\"background-color:#92c938e6;font-style:normal;font-weight:500\">\u00c9tant une entreprise <mark style=\"background-color:rgba(0, 0, 0, 0);color:#485b2a\" class=\"has-inline-color\">multiservices<\/mark>, notre exp\u00e9rience et nos comp\u00e9tences nous permettent \u00e9galement de r\u00e9aliser pour vous des travaux de bricolage, de petite plomberie, et d\u2019autres t\u00e2ches telles que repeindre les volets de votre maison, vous construire une petite terrasse pour profitez de bons repas au soleil durant l\u2019\u00e9t\u00e9, etc.<\/p>\n\n\n\n<p class=\"has-white-color has-text-color has-background\" style=\"background-color:#547520db;font-style:normal;font-weight:500\">Alors, n\u2019h\u00e9sitez plus et confiez-nous l\u2019entretien de votre jardin ainsi que vos petits travaux de bricolage. Contactez-nous\u2192<a href=\"https:\/\/jardinpaisible.fr\/index.php\/2023\/11\/10\/contactez-nous\/\" title=\"\">ici<\/a>\u2190 d\u00e8s aujourd\u2019hui pour obtenir un devis gratuit !<\/p>\n","protected":false},"excerpt":{"rendered":"<p>Nous jardinons&#8230; Avec des outils&#8230; Sans moteur ! Discrets ! Ecoresponsables !<\/p>\n","protected":false},"author":1,"featured_media":0,"parent":0,"menu_order":0,"comment_status":"closed","ping_status":"closed","template":"","meta":{"om_disable_all_campaigns":false,"_monsterinsights_skip_tracking":false,"_monsterinsights_sitenote_active":false,"_monsterinsights_sitenote_note":"","_monsterinsights_sitenote_category":0,"footnotes":""},"aioseo_notices":[],"_links":{"self":[{"href":"https:\/\/jardinpaisible.fr\/index.php\/wp-json\/wp\/v2\/pages\/362"}],"collection":[{"href":"https:\/\/jardinpaisible.fr\/index.php\/wp-json\/wp\/v2\/pages"}],"about":[{"href":"https:\/\/jardinpaisible.fr\/index.php\/wp-json\/wp\/v2\/types\/page"}],"author":[{"embeddable":true,"href":"https:\/\/jardinpaisible.fr\/index.php\/wp-json\/wp\/v2\/users\/1"}],"replies":[{"embeddable":true,"href":"https:\/\/jardinpaisible.fr\/index.php\/wp-json\/wp\/v2\/comments?post=362"}],"version-history":[{"count":98,"href":"https:\/\/jardinpaisible.fr\/index.php\/wp-json\/wp\/v2\/pages\/362\/revisions"}],"predecessor-version":[{"id":1240,"href":"https:\/\/jardinpaisible.fr\/index.php\/wp-json\/wp\/v2\/pages\/362\/revisions\/1240"}],"wp:attachment":[{"href":"https:\/\/jardinpaisible.fr\/index.php\/wp-json\/wp\/v2\/media?parent=362"}],"curies":[{"name":"wp","href":"https:\/\/api.w.org\/{rel}","templated":true}]}}