{"id":775,"date":"2023-11-15T03:45:47","date_gmt":"2023-11-15T02:45:47","guid":{"rendered":"https:\/\/jardinpaisible.fr\/?page_id=775"},"modified":"2024-03-19T06:26:18","modified_gmt":"2024-03-19T05:26:18","slug":"commentaires","status":"publish","type":"page","link":"https:\/\/jardinpaisible.fr\/index.php\/commentaires\/","title":{"rendered":"Commentaires"},"content":{"rendered":"\n<div class=\"wp-block-comments has-white-color has-text-color has-background has-link-color wp-elements-fd735a096cc7eefe2336b54dd223fa93\" style=\"background-color:#000000d4\"><ol class=\"wp-block-comment-template\"><li id=\"comment-68\" class=\"comment even thread-even depth-1\">\n\n<div class=\"wp-block-columns is-layout-flex wp-container-core-columns-layout-1 wp-block-columns-is-layout-flex\">\n<div class=\"wp-block-column is-layout-flow wp-block-column-is-layout-flow\" style=\"flex-basis:40px\"><div class=\"wp-block-avatar\"><img alt='Avatar de David' src='https:\/\/secure.gravatar.com\/avatar\/569382e173aac8dad3cb4c9c08061cfe?s=40&#038;d=mm&#038;r=g' srcset='https:\/\/secure.gravatar.com\/avatar\/569382e173aac8dad3cb4c9c08061cfe?s=80&#038;d=mm&#038;r=g 2x' class='avatar avatar-40 photo wp-block-avatar__image' height='40' width='40'  style=\"border-radius:20px;\"\/><\/div><\/div>\n\n\n\n<div class=\"wp-block-column is-layout-flow wp-block-column-is-layout-flow\"><div style=\"color:#92c938;\" class=\"has-link-color has-text-color wp-block-comment-author-name has-small-font-size wp-elements-aced6df422b4c580c02e9695b2c05518\">David<\/div>\n\n\n<div class=\"wp-block-group has-text-color has-link-color wp-elements-eca83691938a9073ee24877015977702 is-layout-flex wp-block-group-is-layout-flex\" style=\"color:#92c938;margin-top:0px;margin-bottom:0px\"><div class=\"wp-block-comment-date has-small-font-size\"><time datetime=\"2024-03-17T14:45:07+01:00\"><a href=\"https:\/\/jardinpaisible.fr\/index.php\/commentaires\/comment-page-1\/#comment-68\">17 mars 2024<\/a><\/time><\/div>\n\n<\/div>\n\n\n<div class=\"wp-block-comment-content\"><p>En tant qu&rsquo;expatri\u00e9, g\u00e9rer la maison de ma m\u00e8re \u00e0 distance est une t\u00e2che d\u00e9licate. Heureusement, Jardin Paisible s&rsquo;est r\u00e9v\u00e9l\u00e9 \u00eatre un partenaire pr\u00e9cieux dans cette entreprise. Leur service de jardinage d\u00e9passe toutes les attentes, avec une excellence ind\u00e9niable qui garantit que la propri\u00e9t\u00e9 reste impeccable tout au long de l&rsquo;ann\u00e9e.<\/p>\n<p>Mais ce n&rsquo;est pas tout. Leur offre de bricolage suppl\u00e9mentaire s&rsquo;est av\u00e9r\u00e9e \u00eatre une bou\u00e9e de sauvetage, r\u00e9solvant rapidement les petits probl\u00e8mes du quotidien et assurant le bon fonctionnement de la maison en mon absence.<\/p>\n<p>En outre, le service de s\u00e9curit\u00e9 fourni par Jardin Paisible est un v\u00e9ritable atout. Cela procure une tranquillit\u00e9 d&rsquo;esprit essentielle \u00e0 ma m\u00e8re qui, avec le temps, appr\u00e9cie davantage le confort de savoir qu&rsquo;elle est en s\u00e9curit\u00e9, avec un contact \u00e0 port\u00e9e de main en cas de besoin.<\/p>\n<p>Bravo \u00e0 toute l&rsquo;\u00e9quipe de Jardin Paisible pour leur professionnalisme et leur engagement \u00e0 offrir un service complet et rassurant. Ils sont vraiment indispensables pour ceux d&rsquo;entre nous qui vivent \u00e0 l&rsquo;\u00e9tranger tout en veillant sur nos proches.<\/p>\n<\/div>\n\n<div class=\"wp-block-comment-reply-link has-small-font-size\"><a rel='nofollow' class='comment-reply-link' href='https:\/\/jardinpaisible.fr\/index.php\/commentaires\/comment-page-1\/?replytocom=68#respond' data-commentid=\"68\" data-postid=\"775\" data-belowelement=\"comment-68\" data-respondelement=\"respond\" data-replyto=\"R\u00e9pondre \u00e0 David\" aria-label='R\u00e9pondre \u00e0 David'>R\u00e9pondre<\/a><\/div><\/div>\n<\/div>\n\n<\/li><\/ol>\n\n\n\n\t<div id=\"respond\" style=\"color:#92c938;\" class=\"comment-respond has-link-color has-text-color wp-block-post-comments-form wp-elements-221f662f00a54f9f7bb287ec2c561ebc\">\n\t\t<h3 id=\"reply-title\" class=\"comment-reply-title\">Laisser un commentaire <small><a rel=\"nofollow\" id=\"cancel-comment-reply-link\" href=\"\/index.php\/wp-json\/wp\/v2\/pages\/775#respond\" style=\"display:none;\">Annuler la r\u00e9ponse<\/a><\/small><\/h3><form action=\"https:\/\/jardinpaisible.fr\/wp-comments-post.php\" method=\"post\" id=\"commentform\" class=\"comment-form\"><p class=\"comment-notes\"><span id=\"email-notes\">Votre adresse e-mail ne sera pas publi\u00e9e.<\/span> <span class=\"required-field-message\">Les champs obligatoires sont indiqu\u00e9s avec <span class=\"required\">*<\/span><\/span><\/p><p class=\"comment-form-comment\"><label for=\"comment\">Commentaire <span class=\"required\">*<\/span><\/label> <textarea id=\"comment\" name=\"comment\" cols=\"45\" rows=\"8\" maxlength=\"65525\" required=\"required\"><\/textarea><\/p><p class=\"comment-form-author\"><label for=\"author\">Nom <span class=\"required\">*<\/span><\/label> <input id=\"author\" name=\"author\" type=\"text\" value=\"\" size=\"30\" maxlength=\"245\" autocomplete=\"name\" required=\"required\" \/><\/p>\n<p class=\"comment-form-email\"><label for=\"email\">E-mail <span class=\"required\">*<\/span><\/label> <input id=\"email\" name=\"email\" type=\"text\" value=\"\" size=\"30\" maxlength=\"100\" aria-describedby=\"email-notes\" autocomplete=\"email\" required=\"required\" \/><\/p>\n<p class=\"comment-form-url\"><label for=\"url\">Site web<\/label> <input id=\"url\" name=\"url\" type=\"text\" value=\"\" size=\"30\" maxlength=\"200\" autocomplete=\"url\" \/><\/p>\n<p class=\"comment-form-cookies-consent\"><input id=\"wp-comment-cookies-consent\" name=\"wp-comment-cookies-consent\" type=\"checkbox\" value=\"yes\" \/> <label for=\"wp-comment-cookies-consent\">Enregistrer mon nom, mon e-mail et mon site dans le navigateur pour mon prochain commentaire.<\/label><\/p>\n<p class=\"form-submit\"><input name=\"submit\" type=\"submit\" id=\"submit\" class=\"submit\" value=\"Laisser un commentaire\" \/> <input type='hidden' name='comment_post_ID' value='775' id='comment_post_ID' \/>\n<input type='hidden' name='comment_parent' id='comment_parent' value='0' \/>\n<\/p><\/form>\t<\/div><!-- #respond -->\n\t<\/div>\n","protected":false},"excerpt":{"rendered":"","protected":false},"author":1,"featured_media":0,"parent":0,"menu_order":0,"comment_status":"open","ping_status":"closed","template":"","meta":{"om_disable_all_campaigns":false,"_monsterinsights_skip_tracking":false,"_monsterinsights_sitenote_active":false,"_monsterinsights_sitenote_note":"","_monsterinsights_sitenote_category":0,"footnotes":""},"aioseo_notices":[],"_links":{"self":[{"href":"https:\/\/jardinpaisible.fr\/index.php\/wp-json\/wp\/v2\/pages\/775"}],"collection":[{"href":"https:\/\/jardinpaisible.fr\/index.php\/wp-json\/wp\/v2\/pages"}],"about":[{"href":"https:\/\/jardinpaisible.fr\/index.php\/wp-json\/wp\/v2\/types\/page"}],"author":[{"embeddable":true,"href":"https:\/\/jardinpaisible.fr\/index.php\/wp-json\/wp\/v2\/users\/1"}],"replies":[{"embeddable":true,"href":"https:\/\/jardinpaisible.fr\/index.php\/wp-json\/wp\/v2\/comments?post=775"}],"version-history":[{"count":4,"href":"https:\/\/jardinpaisible.fr\/index.php\/wp-json\/wp\/v2\/pages\/775\/revisions"}],"predecessor-version":[{"id":1279,"href":"https:\/\/jardinpaisible.fr\/index.php\/wp-json\/wp\/v2\/pages\/775\/revisions\/1279"}],"wp:attachment":[{"href":"https:\/\/jardinpaisible.fr\/index.php\/wp-json\/wp\/v2\/media?parent=775"}],"curies":[{"name":"wp","href":"https:\/\/api.w.org\/{rel}","templated":true}]}}